{"id":930,"date":"2021-05-25T04:06:17","date_gmt":"2021-05-25T04:06:17","guid":{"rendered":"https:\/\/new-ricotacosaigon.jaysoft.asia\/?page_id=930"},"modified":"2022-06-27T14:45:47","modified_gmt":"2022-06-27T07:45:47","slug":"catering","status":"publish","type":"page","link":"https:\/\/tuktukthaibistro.com\/vi\/catering\/","title":{"rendered":"D\u1ecbch v\u1ee5 ti\u1ec7c t\u00f9ng"},"content":{"rendered":"<div data-elementor-type=\"wp-page\" data-elementor-id=\"930\" class=\"elementor elementor-930\" data-elementor-settings=\"[]\">\n\t\t\t\t\t\t\t<div class=\"elementor-section-wrap\">\n\t\t\t\t\t\t\t<section class=\"elementor-section elementor-top-section elementor-element elementor-element-6aa1bc7 elementor-section-content-middle elementor-section-boxed elementor-section-height-default elementor-section-height-default\" data-id=\"6aa1bc7\" data-element_type=\"section\" data-settings=\"{&quot;background_background&quot;:&quot;classic&quot;}\">\n\t\t\t\t\t\t<div class=\"elementor-container elementor-column-gap-default\">\n\t\t\t\t\t<div class=\"elementor-column elementor-col-50 elementor-top-column elementor-element elementor-element-cbd7c17\" data-id=\"cbd7c17\" data-element_type=\"column\" data-settings=\"{&quot;background_background&quot;:&quot;classic&quot;}\">\n\t\t\t<div class=\"elementor-widget-wrap elementor-element-populated\">\n\t\t\t\t\t\t\t\t<div class=\"elementor-element elementor-element-3647f52 elementor-widget elementor-widget-heading\" data-id=\"3647f52\" data-element_type=\"widget\" data-widget_type=\"heading.default\">\n\t\t\t\t<div class=\"elementor-widget-container\">\n\t\t\t<h2 class=\"elementor-heading-title elementor-size-default\">TukTuk Thai Bistro thu\u1ed9c HT House, m\u1ed9t c\u00f4ng ty F&amp;B n\u1ed5i ti\u1ebfng quy t\u1ee5 nhi\u1ec1u th\u01b0\u01a1ng hi\u1ec7u nh\u00e0 h\u00e0ng v\u00e0 phong c\u00e1ch \u1ea9m th\u1ef1c kh\u00e1c nhau. N\u1ebfu b\u1ea1n mu\u1ed1n mang \u0111\u1ebfn s\u1ef1 \u0111a d\u1ea1ng v\u1ec1 \u1ea9m th\u1ef1c cho b\u1eefa ti\u1ec7c c\u1ee7a m\u00ecnh, vui l\u00f2ng li\u00ean h\u1ec7 v\u1edbi \u0111\u1ed9i ng\u0169 HT House Catering.<\/h2>\t\t<\/div>\n\t\t\t\t<\/div>\n\t\t\t\t\t<\/div>\n\t\t<\/div>\n\t\t\t\t<div class=\"elementor-column elementor-col-50 elementor-top-column elementor-element elementor-element-2dd1aba\" data-id=\"2dd1aba\" data-element_type=\"column\" data-settings=\"{&quot;background_background&quot;:&quot;classic&quot;}\">\n\t\t\t<div class=\"elementor-widget-wrap elementor-element-populated\">\n\t\t\t\t\t\t\t\t<div class=\"elementor-element elementor-element-1a5fcc0 elementor-align-center elementor-widget elementor-widget-button\" data-id=\"1a5fcc0\" data-element_type=\"widget\" data-widget_type=\"button.default\">\n\t\t\t\t<div class=\"elementor-widget-container\">\n\t\t\t\t\t<div class=\"elementor-button-wrapper\">\n\t\t\t<a href=\"#tab010\" class=\"elementor-button-link elementor-button elementor-size-sm\" role=\"button\">\n\t\t\t\t\t\t<span class=\"elementor-button-content-wrapper\">\n\t\t\t\t\t\t<span class=\"elementor-button-text\">D\u1ecbch v\u1ee5 ti\u1ec7c t\u00f9ng<br> HT House<\/span>\n\t\t<\/span>\n\t\t\t\t\t<\/a>\n\t\t<\/div>\n\t\t\t\t<\/div>\n\t\t\t\t<\/div>\n\t\t\t\t\t<\/div>\n\t\t<\/div>\n\t\t\t\t\t\t\t<\/div>\n\t\t<\/section>\n\t\t\t\t<section class=\"elementor-section elementor-top-section elementor-element elementor-element-a23c854 elementor-section-content-middle elementor-section-boxed elementor-section-height-default elementor-section-height-default\" data-id=\"a23c854\" data-element_type=\"section\">\n\t\t\t\t\t\t<div class=\"elementor-container elementor-column-gap-default\">\n\t\t\t\t\t<div class=\"elementor-column elementor-col-50 elementor-top-column elementor-element elementor-element-7869562\" data-id=\"7869562\" data-element_type=\"column\">\n\t\t\t<div class=\"elementor-widget-wrap elementor-element-populated\">\n\t\t\t\t\t\t\t\t<div class=\"elementor-element elementor-element-1a603e7 elementor-widget elementor-widget-image\" data-id=\"1a603e7\" data-element_type=\"widget\" data-widget_type=\"image.default\">\n\t\t\t\t<div class=\"elementor-widget-container\">\n\t\t\t\t\t\t\t\t\t\t\t\t\t\t\t<img loading=\"lazy\" decoding=\"async\" width=\"683\" height=\"1024\" src=\"https:\/\/tuktukthaibistro.com\/wp-content\/uploads\/2022\/06\/210310_TT_NN_0019.jpeg\" class=\"attachment-full size-full\" alt=\"\" srcset=\"https:\/\/tuktukthaibistro.com\/wp-content\/uploads\/2022\/06\/210310_TT_NN_0019.jpeg 683w, https:\/\/tuktukthaibistro.com\/wp-content\/uploads\/2022\/06\/210310_TT_NN_0019-333x500.jpeg 333w, https:\/\/tuktukthaibistro.com\/wp-content\/uploads\/2022\/06\/210310_TT_NN_0019-8x12.jpeg 8w\" sizes=\"auto, (max-width: 683px) 100vw, 683px\" \/>\t\t\t\t\t\t\t\t\t\t\t\t\t\t\t<\/div>\n\t\t\t\t<\/div>\n\t\t\t\t\t<\/div>\n\t\t<\/div>\n\t\t\t\t<div class=\"elementor-column elementor-col-50 elementor-top-column elementor-element elementor-element-a06382f\" data-id=\"a06382f\" data-element_type=\"column\">\n\t\t\t<div class=\"elementor-widget-wrap elementor-element-populated\">\n\t\t\t\t\t\t\t\t<div class=\"elementor-element elementor-element-946b9a4 elementor-widget elementor-widget-heading\" data-id=\"946b9a4\" data-element_type=\"widget\" data-widget_type=\"heading.default\">\n\t\t\t\t<div class=\"elementor-widget-container\">\n\t\t\t<h2 class=\"elementor-heading-title elementor-size-default\">Party Platter<\/h2>\t\t<\/div>\n\t\t\t\t<\/div>\n\t\t\t\t<div class=\"elementor-element elementor-element-4e1f2d8 elementor-widget elementor-widget-text-editor\" data-id=\"4e1f2d8\" data-element_type=\"widget\" data-widget_type=\"text-editor.default\">\n\t\t\t\t<div class=\"elementor-widget-container\">\n\t\t\t\t\t\t\t\t<p>Hosting an office party, a family party or just a Sunday afternoon with friends in front of a soccer game? Want fresh and delicious Thai cuisine ? We offer TukTuk Party Platters for any type of the party. You can choose from an array of your favorite Thai dishes, from miniature favorites like Thai sago<b>\u00a0<\/b>dumplings, Grilled pork skewers and Thai fish cakes to a fun array of snacks that everyone will love. When we provide party platters, we make sure to only provide the freshest and finest foods and ingredients. We promise to bring our tradition of warmth and hospitality to your event.<\/p>\t\t\t\t\t\t<\/div>\n\t\t\t\t<\/div>\n\t\t\t\t<section class=\"elementor-section elementor-inner-section elementor-element elementor-element-6f5e493 elementor-section-boxed elementor-section-height-default elementor-section-height-default\" data-id=\"6f5e493\" data-element_type=\"section\">\n\t\t\t\t\t\t<div class=\"elementor-container elementor-column-gap-no\">\n\t\t\t\t\t<div class=\"elementor-column elementor-col-50 elementor-inner-column elementor-element elementor-element-395eb2c\" data-id=\"395eb2c\" data-element_type=\"column\">\n\t\t\t<div class=\"elementor-widget-wrap elementor-element-populated\">\n\t\t\t\t\t\t\t\t<div class=\"elementor-element elementor-element-a97b2da elementor-align-left elementor-widget elementor-widget-button\" data-id=\"a97b2da\" data-element_type=\"widget\" data-widget_type=\"button.default\">\n\t\t\t\t<div class=\"elementor-widget-container\">\n\t\t\t\t\t<div class=\"elementor-button-wrapper\">\n\t\t\t<a href=\"#tab020\" class=\"elementor-button-link elementor-button elementor-size-sm\" role=\"button\">\n\t\t\t\t\t\t<span class=\"elementor-button-content-wrapper\">\n\t\t\t\t\t\t<span class=\"elementor-button-text\">\u0110\u1eb7t ngay<\/span>\n\t\t<\/span>\n\t\t\t\t\t<\/a>\n\t\t<\/div>\n\t\t\t\t<\/div>\n\t\t\t\t<\/div>\n\t\t\t\t\t<\/div>\n\t\t<\/div>\n\t\t\t\t<div class=\"elementor-column elementor-col-50 elementor-inner-column elementor-element elementor-element-4814457\" data-id=\"4814457\" data-element_type=\"column\" data-settings=\"{&quot;background_background&quot;:&quot;classic&quot;}\">\n\t\t\t<div class=\"elementor-widget-wrap elementor-element-populated\">\n\t\t\t\t\t\t\t\t<div class=\"elementor-element elementor-element-683a8f9 elementor-align-left elementor-widget elementor-widget-button\" data-id=\"683a8f9\" data-element_type=\"widget\" data-widget_type=\"button.default\">\n\t\t\t\t<div class=\"elementor-widget-container\">\n\t\t\t\t\t<div class=\"elementor-button-wrapper\">\n\t\t\t<a href=\"https:\/\/tuktukthaibistro.com\/vi\/menu\/\" class=\"elementor-button-link elementor-button elementor-size-sm\" role=\"button\">\n\t\t\t\t\t\t<span class=\"elementor-button-content-wrapper\">\n\t\t\t\t\t\t<span class=\"elementor-button-text\">Th\u1ef1c \u0111\u01a1n<\/span>\n\t\t<\/span>\n\t\t\t\t\t<\/a>\n\t\t<\/div>\n\t\t\t\t<\/div>\n\t\t\t\t<\/div>\n\t\t\t\t\t<\/div>\n\t\t<\/div>\n\t\t\t\t\t\t\t<\/div>\n\t\t<\/section>\n\t\t\t\t\t<\/div>\n\t\t<\/div>\n\t\t\t\t\t\t\t<\/div>\n\t\t<\/section>\n\t\t\t\t<section class=\"elementor-section elementor-top-section elementor-element elementor-element-6dc5dc9 elementor-section-content-middle elementor-section-boxed elementor-section-height-default elementor-section-height-default\" data-id=\"6dc5dc9\" data-element_type=\"section\">\n\t\t\t\t\t\t<div class=\"elementor-container elementor-column-gap-default\">\n\t\t\t\t\t<div class=\"elementor-column elementor-col-50 elementor-top-column elementor-element elementor-element-db68bfb\" data-id=\"db68bfb\" data-element_type=\"column\">\n\t\t\t<div class=\"elementor-widget-wrap elementor-element-populated\">\n\t\t\t\t\t\t\t\t<div class=\"elementor-element elementor-element-c4e3b14 elementor-widget elementor-widget-image\" data-id=\"c4e3b14\" data-element_type=\"widget\" data-widget_type=\"image.default\">\n\t\t\t\t<div class=\"elementor-widget-container\">\n\t\t\t\t\t\t\t\t\t\t\t\t\t\t\t<img loading=\"lazy\" decoding=\"async\" width=\"683\" height=\"1024\" src=\"https:\/\/tuktukthaibistro.com\/wp-content\/uploads\/2022\/06\/210310_TT_NN_0094.jpeg\" class=\"attachment-large size-large\" alt=\"\" srcset=\"https:\/\/tuktukthaibistro.com\/wp-content\/uploads\/2022\/06\/210310_TT_NN_0094.jpeg 683w, https:\/\/tuktukthaibistro.com\/wp-content\/uploads\/2022\/06\/210310_TT_NN_0094-333x500.jpeg 333w, https:\/\/tuktukthaibistro.com\/wp-content\/uploads\/2022\/06\/210310_TT_NN_0094-8x12.jpeg 8w\" sizes=\"auto, (max-width: 683px) 100vw, 683px\" \/>\t\t\t\t\t\t\t\t\t\t\t\t\t\t\t<\/div>\n\t\t\t\t<\/div>\n\t\t\t\t\t<\/div>\n\t\t<\/div>\n\t\t\t\t<div class=\"elementor-column elementor-col-50 elementor-top-column elementor-element elementor-element-4d7227a\" data-id=\"4d7227a\" data-element_type=\"column\">\n\t\t\t<div class=\"elementor-widget-wrap elementor-element-populated\">\n\t\t\t\t\t\t\t\t<div class=\"elementor-element elementor-element-b98472e elementor-widget elementor-widget-heading\" data-id=\"b98472e\" data-element_type=\"widget\" data-widget_type=\"heading.default\">\n\t\t\t\t<div class=\"elementor-widget-container\">\n\t\t\t<h2 class=\"elementor-heading-title elementor-size-default\">Cocktail <\/h2>\t\t<\/div>\n\t\t\t\t<\/div>\n\t\t\t\t<div class=\"elementor-element elementor-element-affeb8b elementor-widget elementor-widget-text-editor\" data-id=\"affeb8b\" data-element_type=\"widget\" data-widget_type=\"text-editor.default\">\n\t\t\t\t<div class=\"elementor-widget-container\">\n\t\t\t\t\t\t\t\t<p>Have an easy to do party at home or at the office? We have a great list of Thai appetizers &amp; snacks for you. We can provide a full service if you want our friendly staff passing around your guests or just deliver the food only if you prefer. Whether you\u2019re looking to host a birthday celebration or an office meeting, we have a wide variety of Thai food to choose in order to keep your party guests happy!<\/p>\t\t\t\t\t\t<\/div>\n\t\t\t\t<\/div>\n\t\t\t\t<section class=\"elementor-section elementor-inner-section elementor-element elementor-element-9e03551 elementor-section-boxed elementor-section-height-default elementor-section-height-default\" data-id=\"9e03551\" data-element_type=\"section\">\n\t\t\t\t\t\t<div class=\"elementor-container elementor-column-gap-no\">\n\t\t\t\t\t<div class=\"elementor-column elementor-col-100 elementor-inner-column elementor-element elementor-element-d11c43c\" data-id=\"d11c43c\" data-element_type=\"column\">\n\t\t\t<div class=\"elementor-widget-wrap elementor-element-populated\">\n\t\t\t\t\t\t\t\t<div class=\"elementor-element elementor-element-e871014 elementor-align-left elementor-widget elementor-widget-button\" data-id=\"e871014\" data-element_type=\"widget\" data-widget_type=\"button.default\">\n\t\t\t\t<div class=\"elementor-widget-container\">\n\t\t\t\t\t<div class=\"elementor-button-wrapper\">\n\t\t\t<a href=\"#tab010\" class=\"elementor-button-link elementor-button elementor-size-sm\" role=\"button\">\n\t\t\t\t\t\t<span class=\"elementor-button-content-wrapper\">\n\t\t\t\t\t\t<span class=\"elementor-button-text\">\u0110\u1eb7t ngay<\/span>\n\t\t<\/span>\n\t\t\t\t\t<\/a>\n\t\t<\/div>\n\t\t\t\t<\/div>\n\t\t\t\t<\/div>\n\t\t\t\t\t<\/div>\n\t\t<\/div>\n\t\t\t\t\t\t\t<\/div>\n\t\t<\/section>\n\t\t\t\t\t<\/div>\n\t\t<\/div>\n\t\t\t\t\t\t\t<\/div>\n\t\t<\/section>\n\t\t\t\t<section class=\"elementor-section elementor-top-section elementor-element elementor-element-c4df4dd elementor-section-content-middle elementor-section-boxed elementor-section-height-default elementor-section-height-default\" data-id=\"c4df4dd\" data-element_type=\"section\">\n\t\t\t\t\t\t<div class=\"elementor-container elementor-column-gap-default\">\n\t\t\t\t\t<div class=\"elementor-column elementor-col-50 elementor-top-column elementor-element elementor-element-e4ae0a4\" data-id=\"e4ae0a4\" data-element_type=\"column\">\n\t\t\t<div class=\"elementor-widget-wrap elementor-element-populated\">\n\t\t\t\t\t\t\t\t<div class=\"elementor-element elementor-element-8beb5d5 elementor-widget elementor-widget-image\" data-id=\"8beb5d5\" data-element_type=\"widget\" data-widget_type=\"image.default\">\n\t\t\t\t<div class=\"elementor-widget-container\">\n\t\t\t\t\t\t\t\t\t\t\t\t\t\t\t<img loading=\"lazy\" decoding=\"async\" width=\"683\" height=\"1024\" src=\"https:\/\/tuktukthaibistro.com\/wp-content\/uploads\/2022\/06\/190815_TT_NN_2391_.jpeg\" class=\"attachment-large size-large\" alt=\"\" srcset=\"https:\/\/tuktukthaibistro.com\/wp-content\/uploads\/2022\/06\/190815_TT_NN_2391_.jpeg 683w, https:\/\/tuktukthaibistro.com\/wp-content\/uploads\/2022\/06\/190815_TT_NN_2391_-333x500.jpeg 333w, https:\/\/tuktukthaibistro.com\/wp-content\/uploads\/2022\/06\/190815_TT_NN_2391_-8x12.jpeg 8w\" sizes=\"auto, (max-width: 683px) 100vw, 683px\" \/>\t\t\t\t\t\t\t\t\t\t\t\t\t\t\t<\/div>\n\t\t\t\t<\/div>\n\t\t\t\t\t<\/div>\n\t\t<\/div>\n\t\t\t\t<div class=\"elementor-column elementor-col-50 elementor-top-column elementor-element elementor-element-ea58e50\" data-id=\"ea58e50\" data-element_type=\"column\">\n\t\t\t<div class=\"elementor-widget-wrap elementor-element-populated\">\n\t\t\t\t\t\t\t\t<div class=\"elementor-element elementor-element-085074d elementor-widget elementor-widget-heading\" data-id=\"085074d\" data-element_type=\"widget\" data-widget_type=\"heading.default\">\n\t\t\t\t<div class=\"elementor-widget-container\">\n\t\t\t<h2 class=\"elementor-heading-title elementor-size-default\">Buffet<\/h2>\t\t<\/div>\n\t\t\t\t<\/div>\n\t\t\t\t<div class=\"elementor-element elementor-element-cf0ea05 elementor-widget elementor-widget-text-editor\" data-id=\"cf0ea05\" data-element_type=\"widget\" data-widget_type=\"text-editor.default\">\n\t\t\t\t<div class=\"elementor-widget-container\">\n\t\t\t\t\t\t\t\t<p>TukTuk c\u00f3 th\u1ec3 thi\u1ebft k\u1ebf b\u1eefa ti\u1ec7c buffet theo b\u1ea5t k\u1ef3 quy m\u00f4 s\u1ef1 ki\u1ec7n ho\u1eb7c ng\u00e2n s\u00e1ch m\u00e0 b\u1ea1n y\u00eau c\u1ea7u. Ch\u00fang t\u00f4i c\u00f3 r\u1ea5t nhi\u1ec1u l\u1ef1a ch\u1ecdn s\u1eb5n c\u00f3 ho\u1eb7c b\u1ea1n c\u00f3 th\u1ec3 k\u1ebft h\u1ee3p c\u00e1c l\u1ef1a ch\u1ecdn v\u1edbi nhau \u0111\u1ec3 t\u1ea1o ra m\u1ed9t b\u1eefa ti\u1ec7c ho\u00e0n h\u1ea3o cho c\u00e1c th\u1ef1c kh\u00e1ch. B\u00ean c\u1ea1nh \u0111\u00f3, ch\u00fang t\u00f4i c\u00f2n cung c\u1ea5p tr\u1ecdn g\u00f3i d\u1ecbch v\u1ee5, t\u1eeb giao \u0111\u1ed3 \u0103n, trang tr\u00ed ti\u1ec7c, cung c\u1ea5p d\u1ee5ng c\u1ee5 \u0111\u1ebfn ph\u1ee5c v\u1ee5 kh\u00e1ch trong bu\u1ed5i ti\u1ec7c. V\u1edbi s\u1ef1 linh ho\u1ea1t, ch\u00fang t\u00f4i c\u00f3 th\u1ec3 \u0111i\u1ec1u ch\u1ec9nh b\u1eefa ti\u1ec7c theo b\u1ea5t k\u1ef3 mong mu\u1ed1n c\u1ee7a b\u1ea1n. Kim ch\u1ec9 nam c\u1ee7a TukTuk l\u00e0 lu\u00f4n gi\u00fap cho b\u1eefa ti\u1ec7c c\u1ee7a b\u1ea1n tr\u1edf n\u00ean ho\u00e0n h\u1ea3o v\u00e0 \u0111\u00e1ng nh\u1edb nh\u1ea5t.<\/p>\t\t\t\t\t\t<\/div>\n\t\t\t\t<\/div>\n\t\t\t\t<section class=\"elementor-section elementor-inner-section elementor-element elementor-element-963bdaa elementor-section-boxed elementor-section-height-default elementor-section-height-default\" data-id=\"963bdaa\" data-element_type=\"section\">\n\t\t\t\t\t\t<div class=\"elementor-container elementor-column-gap-no\">\n\t\t\t\t\t<div class=\"elementor-column elementor-col-100 elementor-inner-column elementor-element elementor-element-b59f11d\" data-id=\"b59f11d\" data-element_type=\"column\">\n\t\t\t<div class=\"elementor-widget-wrap elementor-element-populated\">\n\t\t\t\t\t\t\t\t<div class=\"elementor-element elementor-element-fa76f3b elementor-align-left elementor-widget elementor-widget-button\" data-id=\"fa76f3b\" data-element_type=\"widget\" data-widget_type=\"button.default\">\n\t\t\t\t<div class=\"elementor-widget-container\">\n\t\t\t\t\t<div class=\"elementor-button-wrapper\">\n\t\t\t<a href=\"#tab020\" class=\"elementor-button-link elementor-button elementor-size-sm\" role=\"button\">\n\t\t\t\t\t\t<span class=\"elementor-button-content-wrapper\">\n\t\t\t\t\t\t<span class=\"elementor-button-text\">\u0110\u1eb7t ngay<\/span>\n\t\t<\/span>\n\t\t\t\t\t<\/a>\n\t\t<\/div>\n\t\t\t\t<\/div>\n\t\t\t\t<\/div>\n\t\t\t\t\t<\/div>\n\t\t<\/div>\n\t\t\t\t\t\t\t<\/div>\n\t\t<\/section>\n\t\t\t\t\t<\/div>\n\t\t<\/div>\n\t\t\t\t\t\t\t<\/div>\n\t\t<\/section>\n\t\t\t\t<section class=\"elementor-section elementor-top-section elementor-element elementor-element-285c6e6 elementor-section-content-middle elementor-section-boxed elementor-section-height-default elementor-section-height-default\" data-id=\"285c6e6\" data-element_type=\"section\">\n\t\t\t\t\t\t<div class=\"elementor-container elementor-column-gap-default\">\n\t\t\t\t\t<div class=\"elementor-column elementor-col-50 elementor-top-column elementor-element elementor-element-f0993c7\" data-id=\"f0993c7\" data-element_type=\"column\">\n\t\t\t<div class=\"elementor-widget-wrap elementor-element-populated\">\n\t\t\t\t\t\t\t\t<div class=\"elementor-element elementor-element-25aa6df elementor-widget elementor-widget-image\" data-id=\"25aa6df\" data-element_type=\"widget\" data-widget_type=\"image.default\">\n\t\t\t\t<div class=\"elementor-widget-container\">\n\t\t\t\t\t\t\t\t\t\t\t\t\t\t\t<img loading=\"lazy\" decoding=\"async\" width=\"800\" height=\"533\" src=\"https:\/\/tuktukthaibistro.com\/wp-content\/uploads\/2022\/06\/191108_TT_NN_8831.jpeg\" class=\"attachment-large size-large\" alt=\"\" srcset=\"https:\/\/tuktukthaibistro.com\/wp-content\/uploads\/2022\/06\/191108_TT_NN_8831.jpeg 1536w, https:\/\/tuktukthaibistro.com\/wp-content\/uploads\/2022\/06\/191108_TT_NN_8831-750x500.jpeg 750w, https:\/\/tuktukthaibistro.com\/wp-content\/uploads\/2022\/06\/191108_TT_NN_8831-768x512.jpeg 768w, https:\/\/tuktukthaibistro.com\/wp-content\/uploads\/2022\/06\/191108_TT_NN_8831-16x12.jpeg 16w\" sizes=\"auto, (max-width: 800px) 100vw, 800px\" \/>\t\t\t\t\t\t\t\t\t\t\t\t\t\t\t<\/div>\n\t\t\t\t<\/div>\n\t\t\t\t\t<\/div>\n\t\t<\/div>\n\t\t\t\t<div class=\"elementor-column elementor-col-50 elementor-top-column elementor-element elementor-element-9ce7889\" data-id=\"9ce7889\" data-element_type=\"column\">\n\t\t\t<div class=\"elementor-widget-wrap elementor-element-populated\">\n\t\t\t\t\t\t\t\t<div class=\"elementor-element elementor-element-cb1c12e elementor-widget elementor-widget-heading\" data-id=\"cb1c12e\" data-element_type=\"widget\" data-widget_type=\"heading.default\">\n\t\t\t\t<div class=\"elementor-widget-container\">\n\t\t\t<h2 class=\"elementor-heading-title elementor-size-default\">Ti\u1ec7c ng\u1ed3i<\/h2>\t\t<\/div>\n\t\t\t\t<\/div>\n\t\t\t\t<div class=\"elementor-element elementor-element-e4ba456 elementor-widget elementor-widget-text-editor\" data-id=\"e4ba456\" data-element_type=\"widget\" data-widget_type=\"text-editor.default\">\n\t\t\t\t<div class=\"elementor-widget-container\">\n\t\t\t\t\t\t\t\t<p>TukTuk seated course catering menu is perfect whether you want to welcome friends or business partners for an intimate dinner or if you want to host a big party or even a wedding! We can deliver all to you with instructions for you to pretend you are the chef or we can provide full-service catering including the delivery of the tables, tableware and decoration if needed. Just contact us and pick your favorite Thai dishes that will fit your unique style and taste.<\/p>\t\t\t\t\t\t<\/div>\n\t\t\t\t<\/div>\n\t\t\t\t<section class=\"elementor-section elementor-inner-section elementor-element elementor-element-a149cd1 elementor-section-boxed elementor-section-height-default elementor-section-height-default\" data-id=\"a149cd1\" data-element_type=\"section\">\n\t\t\t\t\t\t<div class=\"elementor-container elementor-column-gap-no\">\n\t\t\t\t\t<div class=\"elementor-column elementor-col-100 elementor-inner-column elementor-element elementor-element-4f8a801\" data-id=\"4f8a801\" data-element_type=\"column\">\n\t\t\t<div class=\"elementor-widget-wrap elementor-element-populated\">\n\t\t\t\t\t\t\t\t<div class=\"elementor-element elementor-element-bf5d6ec elementor-align-left elementor-widget elementor-widget-button\" data-id=\"bf5d6ec\" data-element_type=\"widget\" data-widget_type=\"button.default\">\n\t\t\t\t<div class=\"elementor-widget-container\">\n\t\t\t\t\t<div class=\"elementor-button-wrapper\">\n\t\t\t<a href=\"#tab020\" class=\"elementor-button-link elementor-button elementor-size-sm\" role=\"button\">\n\t\t\t\t\t\t<span class=\"elementor-button-content-wrapper\">\n\t\t\t\t\t\t<span class=\"elementor-button-text\">\u0110\u1eb7t ngay<\/span>\n\t\t<\/span>\n\t\t\t\t\t<\/a>\n\t\t<\/div>\n\t\t\t\t<\/div>\n\t\t\t\t<\/div>\n\t\t\t\t\t<\/div>\n\t\t<\/div>\n\t\t\t\t\t\t\t<\/div>\n\t\t<\/section>\n\t\t\t\t\t<\/div>\n\t\t<\/div>\n\t\t\t\t\t\t\t<\/div>\n\t\t<\/section>\n\t\t\t\t\t\t<\/div>\n\t\t\t\t\t<\/div>","protected":false},"excerpt":{"rendered":"<p>TukTuk belongs to HT House, a famous F&#038;B group gathering many brands of restaurants and different style of cuisine. If you want to offer a diversity of cuisine for your event, please just contact HT House Catering team. HT HOUSE CATERING Party Platter Hosting an office party, a family party or just a Sunday afternoon [&hellip;]<\/p>","protected":false},"author":1,"featured_media":0,"parent":0,"menu_order":0,"comment_status":"closed","ping_status":"closed","template":"elementor_header_footer","meta":{"footnotes":""},"class_list":["post-930","page","type-page","status-publish","hentry"],"_links":{"self":[{"href":"https:\/\/tuktukthaibistro.com\/vi\/wp-json\/wp\/v2\/pages\/930","targetHints":{"allow":["GET"]}}],"collection":[{"href":"https:\/\/tuktukthaibistro.com\/vi\/wp-json\/wp\/v2\/pages"}],"about":[{"href":"https:\/\/tuktukthaibistro.com\/vi\/wp-json\/wp\/v2\/types\/page"}],"author":[{"embeddable":true,"href":"https:\/\/tuktukthaibistro.com\/vi\/wp-json\/wp\/v2\/users\/1"}],"replies":[{"embeddable":true,"href":"https:\/\/tuktukthaibistro.com\/vi\/wp-json\/wp\/v2\/comments?post=930"}],"version-history":[{"count":91,"href":"https:\/\/tuktukthaibistro.com\/vi\/wp-json\/wp\/v2\/pages\/930\/revisions"}],"predecessor-version":[{"id":3499,"href":"https:\/\/tuktukthaibistro.com\/vi\/wp-json\/wp\/v2\/pages\/930\/revisions\/3499"}],"wp:attachment":[{"href":"https:\/\/tuktukthaibistro.com\/vi\/wp-json\/wp\/v2\/media?parent=930"}],"curies":[{"name":"wp","href":"https:\/\/api.w.org\/{rel}","templated":true}]}}