{"id":35,"date":"2021-05-05T08:38:14","date_gmt":"2021-05-05T01:38:14","guid":{"rendered":"https:\/\/new-ricotacosaigon.jaysoft.asia\/?page_id=35"},"modified":"2022-06-27T15:59:29","modified_gmt":"2022-06-27T08:59:29","slug":"gifting","status":"publish","type":"page","link":"https:\/\/tuktukthaibistro.com\/vi\/gifting\/","title":{"rendered":"Qu\u00e0 T\u1eb7ng"},"content":{"rendered":"<div data-elementor-type=\"wp-page\" data-elementor-id=\"35\" class=\"elementor elementor-35\" data-elementor-settings=\"[]\">\n\t\t\t\t\t\t\t<div class=\"elementor-section-wrap\">\n\t\t\t\t\t\t\t<section class=\"elementor-section elementor-top-section elementor-element elementor-element-ebe6aa1 elementor-section-height-min-height elementor-section-boxed elementor-section-height-default elementor-section-items-middle\" data-id=\"ebe6aa1\" data-element_type=\"section\" data-settings=\"{&quot;background_background&quot;:&quot;classic&quot;}\">\n\t\t\t\t\t\t<div class=\"elementor-container elementor-column-gap-default\">\n\t\t\t\t\t<div class=\"elementor-column elementor-col-100 elementor-top-column elementor-element elementor-element-49285dd\" data-id=\"49285dd\" data-element_type=\"column\">\n\t\t\t<div class=\"elementor-widget-wrap\">\n\t\t\t\t\t\t\t\t\t<\/div>\n\t\t<\/div>\n\t\t\t\t\t\t\t<\/div>\n\t\t<\/section>\n\t\t\t\t<section class=\"elementor-section elementor-top-section elementor-element elementor-element-426480b elementor-section-height-min-height elementor-section-boxed elementor-section-height-default elementor-section-items-middle\" data-id=\"426480b\" data-element_type=\"section\">\n\t\t\t\t\t\t<div class=\"elementor-container elementor-column-gap-default\">\n\t\t\t\t\t<div class=\"elementor-column elementor-col-100 elementor-top-column elementor-element elementor-element-2acbd40\" data-id=\"2acbd40\" data-element_type=\"column\">\n\t\t\t<div class=\"elementor-widget-wrap elementor-element-populated\">\n\t\t\t\t\t\t\t\t<div class=\"elementor-element elementor-element-51ef947 elementor-invisible elementor-widget elementor-widget-heading\" data-id=\"51ef947\" data-element_type=\"widget\" data-settings=\"{&quot;_animation&quot;:&quot;zoomIn&quot;}\" data-widget_type=\"heading.default\">\n\t\t\t\t<div class=\"elementor-widget-container\">\n\t\t\t<h2 class=\"elementor-heading-title elementor-size-default\">QU\u00c0 T\u1eb6NG<\/h2>\t\t<\/div>\n\t\t\t\t<\/div>\n\t\t\t\t<div class=\"elementor-element elementor-element-e5d7ca1 elementor-invisible elementor-widget elementor-widget-text-editor\" data-id=\"e5d7ca1\" data-element_type=\"widget\" data-settings=\"{&quot;_animation&quot;:&quot;fadeInUp&quot;}\" data-widget_type=\"text-editor.default\">\n\t\t\t\t<div class=\"elementor-widget-container\">\n\t\t\t\t\t\t\t\t<p style=\"text-align: center;\">B\u1ea1n \u0111ang t\u00ecm ki\u1ebfm m\u1ed9t m\u00f3n q\u00f9a m\u1edbi l\u1ea1 v\u00e0 \u0111\u1ed9c \u0111\u00e1o? B\u1ea1n ngh\u0129 sao khi qu\u00e0 t\u1eb7ng d\u00e0nh cho b\u1ea1n b\u00e8, gia \u0111\u00ecnh ho\u1eb7c \u0111\u1ed3ng nghi\u1ec7p c\u1ee7a b\u1ea1n l\u00e0 Phi\u1ebfu qu\u00e0 t\u1eb7ng c\u1ee7a TukTuk?\nPhi\u1ebfu qu\u00e0 t\u1eb7ng c\u1ee7a TukTuk kh\u00f4ng ch\u1ec9 ph\u00f9 h\u1ee3p v\u1edbi t\u00fai ti\u1ec1n m\u00e0 c\u00f2n d\u1ec5 d\u00e0ng s\u1eed d\u1ee5ng.<\/p>\nN\u1ebfu b\u1ea1n mu\u1ed1n c\u00f3 th\u00eam nhi\u1ec1u s\u1ef1 l\u1ef1a ch\u1ecdn m\u1edbi m\u1ebb kh\u00e1c, b\u1ea1n c\u0169ng c\u00f3 th\u1ec3 ch\u1ecdn Phi\u1ebfu qu\u00e0 t\u1eb7ng HT House, <BR>\nPhi\u1ebfu qu\u00e0 t\u1eb7ng m\u00e0 b\u1ea1n c\u00f3 th\u1ec3 s\u1eed d\u1ee5ng \u0111\u01b0\u1ee3c t\u1ea1i t\u1ea5t c\u1ea3 c\u00e1c nh\u00e0 h\u00e0ng trong h\u1ec7 th\u1ed1ng HT House.\u00a0<br> which are redeemable in all the restaurants of the group.\t\t\t\t\t\t<\/div>\n\t\t\t\t<\/div>\n\t\t\t\t\t<\/div>\n\t\t<\/div>\n\t\t\t\t\t\t\t<\/div>\n\t\t<\/section>\n\t\t\t\t<section class=\"elementor-section elementor-top-section elementor-element elementor-element-7bfee0f elementor-section-boxed elementor-section-height-default elementor-section-height-default\" data-id=\"7bfee0f\" data-element_type=\"section\">\n\t\t\t\t\t\t<div class=\"elementor-container elementor-column-gap-default\">\n\t\t\t\t\t<div class=\"elementor-column elementor-col-100 elementor-top-column elementor-element elementor-element-80497e3\" data-id=\"80497e3\" data-element_type=\"column\">\n\t\t\t<div class=\"elementor-widget-wrap elementor-element-populated\">\n\t\t\t\t\t\t\t\t\t<\/div>\n\t\t<\/div>\n\t\t\t\t\t\t\t<\/div>\n\t\t<\/section>\n\t\t\t\t\t\t<\/div>\n\t\t\t\t\t<\/div>","protected":false},"excerpt":{"rendered":"<p>GIFTING Looking for something a little different? Give the gift of a great food to your friends, family, employees or colleagues with TukTuk gift vouchers. They can fit any budget and are easy to get and easy to use If you want to offer more choice of restaurants, you can also choose HT House gift [&hellip;]<\/p>","protected":false},"author":1,"featured_media":0,"parent":0,"menu_order":0,"comment_status":"closed","ping_status":"closed","template":"elementor_header_footer","meta":{"footnotes":""},"class_list":["post-35","page","type-page","status-publish","hentry"],"_links":{"self":[{"href":"https:\/\/tuktukthaibistro.com\/vi\/wp-json\/wp\/v2\/pages\/35","targetHints":{"allow":["GET"]}}],"collection":[{"href":"https:\/\/tuktukthaibistro.com\/vi\/wp-json\/wp\/v2\/pages"}],"about":[{"href":"https:\/\/tuktukthaibistro.com\/vi\/wp-json\/wp\/v2\/types\/page"}],"author":[{"embeddable":true,"href":"https:\/\/tuktukthaibistro.com\/vi\/wp-json\/wp\/v2\/users\/1"}],"replies":[{"embeddable":true,"href":"https:\/\/tuktukthaibistro.com\/vi\/wp-json\/wp\/v2\/comments?post=35"}],"version-history":[{"count":77,"href":"https:\/\/tuktukthaibistro.com\/vi\/wp-json\/wp\/v2\/pages\/35\/revisions"}],"predecessor-version":[{"id":3513,"href":"https:\/\/tuktukthaibistro.com\/vi\/wp-json\/wp\/v2\/pages\/35\/revisions\/3513"}],"wp:attachment":[{"href":"https:\/\/tuktukthaibistro.com\/vi\/wp-json\/wp\/v2\/media?parent=35"}],"curies":[{"name":"wp","href":"https:\/\/api.w.org\/{rel}","templated":true}]}}