{"id":33,"date":"2021-05-05T08:37:48","date_gmt":"2021-05-05T08:37:48","guid":{"rendered":"https:\/\/new-ricotacosaigon.jaysoft.asia\/?page_id=33"},"modified":"2024-03-06T18:00:36","modified_gmt":"2024-03-06T11:00:36","slug":"your-event-with-us-organize-events","status":"publish","type":"page","link":"https:\/\/tuktukthaibistro.com\/vi\/your-event-with-us-organize-events\/","title":{"rendered":"T\u1ed5 Ch\u1ee9c S\u1ef1 Ki\u1ec7n"},"content":{"rendered":"<div data-elementor-type=\"wp-page\" data-elementor-id=\"33\" class=\"elementor elementor-33\" data-elementor-settings=\"[]\">\n\t\t\t\t\t\t\t<div class=\"elementor-section-wrap\">\n\t\t\t\t\t\t\t<section class=\"elementor-section elementor-top-section elementor-element elementor-element-8410ba2 elementor-section-height-min-height elementor-section-boxed elementor-section-height-default elementor-section-items-middle\" data-id=\"8410ba2\" data-element_type=\"section\" data-settings=\"{&quot;background_background&quot;:&quot;classic&quot;}\">\n\t\t\t\t\t\t<div class=\"elementor-container elementor-column-gap-default\">\n\t\t\t\t\t<div class=\"elementor-column elementor-col-100 elementor-top-column elementor-element elementor-element-3ec8f12\" data-id=\"3ec8f12\" data-element_type=\"column\">\n\t\t\t<div class=\"elementor-widget-wrap\">\n\t\t\t\t\t\t\t\t\t<\/div>\n\t\t<\/div>\n\t\t\t\t\t\t\t<\/div>\n\t\t<\/section>\n\t\t\t\t<section class=\"elementor-section elementor-top-section elementor-element elementor-element-30f1d1d elementor-section-height-min-height elementor-section-boxed elementor-section-height-default elementor-section-items-middle\" data-id=\"30f1d1d\" data-element_type=\"section\" data-settings=\"{&quot;background_background&quot;:&quot;classic&quot;}\">\n\t\t\t\t\t\t<div class=\"elementor-container elementor-column-gap-default\">\n\t\t\t\t\t<div class=\"elementor-column elementor-col-100 elementor-top-column elementor-element elementor-element-c22a0ab\" data-id=\"c22a0ab\" data-element_type=\"column\">\n\t\t\t<div class=\"elementor-widget-wrap elementor-element-populated\">\n\t\t\t\t\t\t\t\t<div class=\"elementor-element elementor-element-a4efc7a elementor-invisible elementor-widget elementor-widget-heading\" data-id=\"a4efc7a\" data-element_type=\"widget\" data-settings=\"{&quot;_animation&quot;:&quot;zoomIn&quot;,&quot;_animation_tablet&quot;:&quot;zoomIn&quot;}\" data-widget_type=\"heading.default\">\n\t\t\t\t<div class=\"elementor-widget-container\">\n\t\t\t<h1 class=\"elementor-heading-title elementor-size-default\">Mang m\u00f3n Th\u00e1i \u0111\u1ebfn v\u1edbi b\u1eefa ti\u1ec7c c\u1ee7a b\u1ea1n<\/h1>\t\t<\/div>\n\t\t\t\t<\/div>\n\t\t\t\t<div class=\"elementor-element elementor-element-6a19c3b elementor-invisible elementor-widget elementor-widget-text-editor\" data-id=\"6a19c3b\" data-element_type=\"widget\" data-settings=\"{&quot;_animation&quot;:&quot;fadeInUp&quot;,&quot;_animation_tablet&quot;:&quot;fadeInUp&quot;}\" data-widget_type=\"text-editor.default\">\n\t\t\t\t<div class=\"elementor-widget-container\">\n\t\t\t\t\t\t\t\t<p>TukTuk ch\u00ednh l\u00e0 s\u1ef1 l\u1ef1a ch\u1ecdn ho\u00e0n h\u1ea3o cho m\u1ed9t b\u1eefa ti\u1ec7c \u0111\u1ed9c \u0111\u00e1o nh\u01b0ng kh\u00f4ng h\u1ec1 xa l\u1ea1. D\u00f9 \u0111\u00f3 l\u00e0 ti\u1ec7c sinh nh\u1eadt, ti\u1ec7c \u0103n h\u1ecfi, l\u1ec5 k\u1ef7 ni\u1ec7m, ti\u1ec7c giao th\u1eeba hay b\u1ea1n ch\u1ec9 mu\u1ed1n \u0103n m\u1eebng \"chi\u1ebfn t\u00edch\" n\u00e0o \u0111\u00f3 trong c\u00f4ng vi\u1ec7c, ch\u1ec9 c\u1ea7n li\u00ean h\u1ec7 v\u1edbi ch\u00fang t\u00f4i, b\u1ea1n s\u1ebd c\u00f3 ngay m\u1ed9t b\u1eefa ti\u1ec7c \u201cm\u00ea ly\u201d v\u1edbi nh\u1eefng m\u00f3n Th\u00e1i th\u01a1m ngon, trang tr\u00ed \u0111\u1eb7c s\u1eafc v\u00e0 d\u1ecbch v\u1ee5 tuy\u1ec7t v\u1eddi.<\/p>\t\t\t\t\t\t<\/div>\n\t\t\t\t<\/div>\n\t\t\t\t\t<\/div>\n\t\t<\/div>\n\t\t\t\t\t\t\t<\/div>\n\t\t<\/section>\n\t\t\t\t<section class=\"elementor-section elementor-top-section elementor-element elementor-element-b8db8f4 elementor-section-height-min-height elementor-reverse-mobile elementor-section-boxed elementor-section-height-default elementor-section-items-middle\" data-id=\"b8db8f4\" data-element_type=\"section\" id=\"catering\" data-settings=\"{&quot;background_background&quot;:&quot;classic&quot;}\">\n\t\t\t\t\t\t<div class=\"elementor-container elementor-column-gap-no\">\n\t\t\t\t\t<div class=\"elementor-column elementor-col-50 elementor-top-column elementor-element elementor-element-6e34738\" data-id=\"6e34738\" data-element_type=\"column\">\n\t\t\t<div class=\"elementor-widget-wrap elementor-element-populated\">\n\t\t\t\t\t\t\t\t\t<\/div>\n\t\t<\/div>\n\t\t\t\t<div class=\"elementor-column elementor-col-50 elementor-top-column elementor-element elementor-element-255cdfe\" data-id=\"255cdfe\" data-element_type=\"column\" data-settings=\"{&quot;background_background&quot;:&quot;classic&quot;}\">\n\t\t\t<div class=\"elementor-widget-wrap elementor-element-populated\">\n\t\t\t\t\t\t\t\t<div class=\"elementor-element elementor-element-e9eeef4 elementor-invisible elementor-widget elementor-widget-heading\" data-id=\"e9eeef4\" data-element_type=\"widget\" data-settings=\"{&quot;_animation&quot;:&quot;zoomIn&quot;}\" data-widget_type=\"heading.default\">\n\t\t\t\t<div class=\"elementor-widget-container\">\n\t\t\t<h2 class=\"elementor-heading-title elementor-size-default\">D\u1ecbch v\u1ee5 ti\u1ec7c t\u00f9ng<\/h2>\t\t<\/div>\n\t\t\t\t<\/div>\n\t\t\t\t<div class=\"elementor-element elementor-element-11f3d5b elementor-invisible elementor-widget elementor-widget-text-editor\" data-id=\"11f3d5b\" data-element_type=\"widget\" data-settings=\"{&quot;_animation&quot;:&quot;fadeInUp&quot;}\" data-widget_type=\"text-editor.default\">\n\t\t\t\t<div class=\"elementor-widget-container\">\n\t\t\t\t\t\t\t\t<p>H\u00e3y \u0111\u1ec3 TukTuk mang s\u1ef1 \u0111\u1ed9c \u0111\u00e1o v\u00e0 th\u01a1m ngon c\u1ee7a m\u00f3n Th\u00e1i \u0111\u1ebfn v\u1edbi b\u1eefa ti\u1ec7c c\u1ee7a b\u1ea1n! Ch\u00fang t\u00f4i cung c\u1ea5p nhi\u1ec1u th\u1ef1c \u0111\u01a1n m\u00f3n Th\u00e1i h\u1ea5p d\u1eabn v\u00e0 \u0111a d\u1ea1ng trong phong c\u00e1ch ph\u1ee5c v\u1ee5 t\u1eeb giao \u0111\u1ed3 \u0103n s\u1eb5n \u0111\u1ebfn ph\u1ee5c v\u1ee5 tr\u1ecdn g\u00f3i \u0111\u1ec3 b\u1eefa ti\u1ec7c c\u1ee7a b\u1ea1n tr\u1edf n\u00ean \u1ea5n t\u01b0\u1ee3ng v\u00e0 kh\u00f3 qu\u00ean. Kh\u00f4ng nh\u1eefng th\u1ebf, ch\u00fang t\u00f4i c\u00f2n cung c\u1ea5p trang tr\u00ed v\u00e0 d\u1ee5ng c\u1ee5 theo y\u00eau c\u1ea7u. T\u1eeb nh\u1eefng nguy\u00ean li\u1ec7u t\u01b0\u01a1i ngon \u0111\u1ebfn s\u1ef1 chu\u1ea9n b\u1ecb k\u1ef9 l\u01b0\u1ee1ng v\u00e0 cung c\u00e1ch ph\u1ee5c v\u1ee5 t\u1eadn t\u00e2m, b\u1ea1n s\u1ebd \u0111\u01b0\u1ee3c tr\u1ea3i nghi\u1ec7m m\u1ed9t b\u1eefa ti\u1ec7c \u0111\u1eadm ch\u1ea5t Th\u00e1i.<\/p>\t\t\t\t\t\t<\/div>\n\t\t\t\t<\/div>\n\t\t\t\t<div class=\"elementor-element elementor-element-8179e4f elementor-mobile-align-center elementor-invisible elementor-widget elementor-widget-button\" data-id=\"8179e4f\" data-element_type=\"widget\" data-settings=\"{&quot;_animation&quot;:&quot;fadeIn&quot;}\" data-widget_type=\"button.default\">\n\t\t\t\t<div class=\"elementor-widget-container\">\n\t\t\t\t\t<div class=\"elementor-button-wrapper\">\n\t\t\t<a href=\"https:\/\/tuktukthaibistro.com\/vi\/catering\/\" class=\"elementor-button-link elementor-button elementor-size-sm\" role=\"button\">\n\t\t\t\t\t\t<span class=\"elementor-button-content-wrapper\">\n\t\t\t\t\t\t<span class=\"elementor-button-text\">Xem th\u00eam<\/span>\n\t\t<\/span>\n\t\t\t\t\t<\/a>\n\t\t<\/div>\n\t\t\t\t<\/div>\n\t\t\t\t<\/div>\n\t\t\t\t\t<\/div>\n\t\t<\/div>\n\t\t\t\t\t\t\t<\/div>\n\t\t<\/section>\n\t\t\t\t<section class=\"elementor-section elementor-top-section elementor-element elementor-element-505520a elementor-section-height-min-height elementor-section-boxed elementor-section-height-default elementor-section-items-middle\" data-id=\"505520a\" data-element_type=\"section\" id=\"private-event\" data-settings=\"{&quot;background_background&quot;:&quot;classic&quot;}\">\n\t\t\t\t\t\t<div class=\"elementor-container elementor-column-gap-no\">\n\t\t\t\t\t<div class=\"elementor-column elementor-col-50 elementor-top-column elementor-element elementor-element-70ba80f\" data-id=\"70ba80f\" data-element_type=\"column\">\n\t\t\t<div class=\"elementor-widget-wrap elementor-element-populated\">\n\t\t\t\t\t\t\t\t<div class=\"elementor-element elementor-element-aa09e0f elementor-invisible elementor-widget elementor-widget-heading\" data-id=\"aa09e0f\" data-element_type=\"widget\" data-settings=\"{&quot;_animation&quot;:&quot;zoomIn&quot;}\" data-widget_type=\"heading.default\">\n\t\t\t\t<div class=\"elementor-widget-container\">\n\t\t\t<h2 class=\"elementor-heading-title elementor-size-default\">Ti\u1ec7c c\u00e1 nh\u00e2n<\/h2>\t\t<\/div>\n\t\t\t\t<\/div>\n\t\t\t\t<div class=\"elementor-element elementor-element-a35fa8f elementor-invisible elementor-widget elementor-widget-text-editor\" data-id=\"a35fa8f\" data-element_type=\"widget\" data-settings=\"{&quot;_animation&quot;:&quot;fadeInUp&quot;}\" data-widget_type=\"text-editor.default\">\n\t\t\t\t<div class=\"elementor-widget-container\">\n\t\t\t\t\t\t\t\t<p>B\u1ea1n \u0111ang mu\u1ed1n t\u1ed5 ch\u1ee9c m\u1ed9t ti\u1ec7c c\u00e1 nh\u00e2n t\u1ea1i m\u1ed9t trong nh\u1eefng nh\u00e0 h\u00e0ng Th\u00e1i \"\u0111\u1ec9nh\" nh\u1ea5t \u1edf S\u00e0i G\u00f2n?<\/p><p>TukTuk s\u1ebd gi\u00fap b\u1ea1n t\u1ea1o ra m\u1ed9t th\u1ef1c \u0111\u01a1n \u0111a d\u1ea1ng v\u1edbi nhi\u1ec1u m\u00f3n Th\u00e1i th\u01a1m ngon, d\u1ecbch v\u1ee5 tuy\u1ec7t v\u1eddi ph\u00f9 h\u1ee3p cho b\u1eefa ti\u1ec7c c\u1ee7a ri\u00eang b\u1ea1n.\nCh\u00fang t\u00f4i c\u0169ng cung c\u1ea5p c\u00e1c d\u1ecbch v\u1ee5 \u00e2m thanh &amp; h\u00ecnh \u1ea3nh, s\u1eafp x\u1ebfp &amp; trang tr\u00ed hoa, th\u1ef1c \u0111\u01a1n theo t\u1eebng y\u00eau c\u1ea7u, v.v. \u0111\u1ec3 b\u1ea1n c\u00f3 m\u1ed9t b\u1eefa ti\u1ec7c ri\u00eang t\u01b0 ho\u00e0n h\u1ea3o cho ri\u00eang m\u00ecnh.<\/p><p>B\u00e2y gi\u1edd ch\u1ec9 c\u1ea7n li\u00ean h\u1ec7 v\u1edbi ch\u00fang t\u00f4i \u0111\u1ec3 th\u1ea3o lu\u1eadn v\u1ec1 nhu c\u1ea7u c\u1ee7a b\u1ea1n.<\/p>\t\t\t\t\t\t<\/div>\n\t\t\t\t<\/div>\n\t\t\t\t<div class=\"elementor-element elementor-element-9771b25 elementor-mobile-align-center elementor-invisible elementor-widget elementor-widget-button\" data-id=\"9771b25\" data-element_type=\"widget\" data-settings=\"{&quot;_animation&quot;:&quot;fadeIn&quot;}\" data-widget_type=\"button.default\">\n\t\t\t\t<div class=\"elementor-widget-container\">\n\t\t\t\t\t<div class=\"elementor-button-wrapper\">\n\t\t\t<a href=\"#tab020\" class=\"elementor-button-link elementor-button elementor-size-sm\" role=\"button\">\n\t\t\t\t\t\t<span class=\"elementor-button-content-wrapper\">\n\t\t\t\t\t\t<span class=\"elementor-button-text\">Li\u00ean h\u1ec7<\/span>\n\t\t<\/span>\n\t\t\t\t\t<\/a>\n\t\t<\/div>\n\t\t\t\t<\/div>\n\t\t\t\t<\/div>\n\t\t\t\t\t<\/div>\n\t\t<\/div>\n\t\t\t\t<div class=\"elementor-column elementor-col-50 elementor-top-column elementor-element elementor-element-afb5c8c\" data-id=\"afb5c8c\" data-element_type=\"column\">\n\t\t\t<div class=\"elementor-widget-wrap elementor-element-populated\">\n\t\t\t\t\t\t\t\t<div class=\"elementor-element elementor-element-dda89fa elementor-hidden-desktop elementor-hidden-tablet elementor-widget elementor-widget-image\" data-id=\"dda89fa\" data-element_type=\"widget\" data-widget_type=\"image.default\">\n\t\t\t\t<div class=\"elementor-widget-container\">\n\t\t\t\t\t\t\t\t\t\t\t\t\t\t\t<img loading=\"lazy\" decoding=\"async\" width=\"800\" height=\"667\" src=\"https:\/\/tuktukthaibistro.com\/wp-content\/uploads\/2022\/06\/Tuk-Tuk-8.jpg\" class=\"attachment-large size-large\" alt=\"\" srcset=\"https:\/\/tuktukthaibistro.com\/wp-content\/uploads\/2022\/06\/Tuk-Tuk-8.jpg 960w, https:\/\/tuktukthaibistro.com\/wp-content\/uploads\/2022\/06\/Tuk-Tuk-8-300x250.jpg 300w, https:\/\/tuktukthaibistro.com\/wp-content\/uploads\/2022\/06\/Tuk-Tuk-8-768x640.jpg 768w, https:\/\/tuktukthaibistro.com\/wp-content\/uploads\/2022\/06\/Tuk-Tuk-8-14x12.jpg 14w\" sizes=\"auto, (max-width: 800px) 100vw, 800px\" \/>\t\t\t\t\t\t\t\t\t\t\t\t\t\t\t<\/div>\n\t\t\t\t<\/div>\n\t\t\t\t\t<\/div>\n\t\t<\/div>\n\t\t\t\t\t\t\t<\/div>\n\t\t<\/section>\n\t\t\t\t<section class=\"elementor-section elementor-top-section elementor-element elementor-element-fdeeaf5 elementor-section-height-min-height elementor-reverse-mobile elementor-section-boxed elementor-section-height-default elementor-section-items-middle\" data-id=\"fdeeaf5\" data-element_type=\"section\" id=\"TAB000\" data-settings=\"{&quot;background_background&quot;:&quot;classic&quot;}\">\n\t\t\t\t\t\t<div class=\"elementor-container elementor-column-gap-no\">\n\t\t\t\t\t<div class=\"elementor-column elementor-col-50 elementor-top-column elementor-element elementor-element-19d03e6\" data-id=\"19d03e6\" data-element_type=\"column\">\n\t\t\t<div class=\"elementor-widget-wrap elementor-element-populated\">\n\t\t\t\t\t\t\t\t<div class=\"elementor-element elementor-element-8d03dfe elementor-hidden-desktop elementor-widget elementor-widget-image\" data-id=\"8d03dfe\" data-element_type=\"widget\" data-widget_type=\"image.default\">\n\t\t\t\t<div class=\"elementor-widget-container\">\n\t\t\t\t\t\t\t\t\t\t\t\t\t\t\t<img loading=\"lazy\" decoding=\"async\" width=\"800\" height=\"667\" src=\"https:\/\/tuktukthaibistro.com\/wp-content\/uploads\/2022\/06\/Tuk-Tuk-8.jpg\" class=\"attachment-large size-large\" alt=\"\" srcset=\"https:\/\/tuktukthaibistro.com\/wp-content\/uploads\/2022\/06\/Tuk-Tuk-8.jpg 960w, https:\/\/tuktukthaibistro.com\/wp-content\/uploads\/2022\/06\/Tuk-Tuk-8-300x250.jpg 300w, https:\/\/tuktukthaibistro.com\/wp-content\/uploads\/2022\/06\/Tuk-Tuk-8-768x640.jpg 768w, https:\/\/tuktukthaibistro.com\/wp-content\/uploads\/2022\/06\/Tuk-Tuk-8-14x12.jpg 14w\" sizes=\"auto, (max-width: 800px) 100vw, 800px\" \/>\t\t\t\t\t\t\t\t\t\t\t\t\t\t\t<\/div>\n\t\t\t\t<\/div>\n\t\t\t\t\t<\/div>\n\t\t<\/div>\n\t\t\t\t<div class=\"elementor-column elementor-col-50 elementor-top-column elementor-element elementor-element-1e9df35\" data-id=\"1e9df35\" data-element_type=\"column\">\n\t\t\t<div class=\"elementor-widget-wrap elementor-element-populated\">\n\t\t\t\t\t\t\t\t<div class=\"elementor-element elementor-element-2b5eeb9 elementor-invisible elementor-widget elementor-widget-heading\" data-id=\"2b5eeb9\" data-element_type=\"widget\" data-settings=\"{&quot;_animation&quot;:&quot;zoomIn&quot;}\" data-widget_type=\"heading.default\">\n\t\t\t\t<div class=\"elementor-widget-container\">\n\t\t\t<h2 class=\"elementor-heading-title elementor-size-default\">\u0110\u1eb7t b\u00e0n nh\u00f3m<\/h2>\t\t<\/div>\n\t\t\t\t<\/div>\n\t\t\t\t<div class=\"elementor-element elementor-element-f61fdd8 elementor-invisible elementor-widget elementor-widget-text-editor\" data-id=\"f61fdd8\" data-element_type=\"widget\" data-settings=\"{&quot;_animation&quot;:&quot;fadeInUp&quot;}\" data-widget_type=\"text-editor.default\">\n\t\t\t\t<div class=\"elementor-widget-container\">\n\t\t\t\t\t\t\t\t<p>\u0110\u1ed1i v\u1edbi \u0111\u1eb7t b\u00e0n theo nh\u00f3m tr\u00ean 10 ng\u01b0\u1eddi, vui l\u00f2ng li\u00ean h\u1ec7 s\u1edbm tr\u01b0\u1edbc v\u00e0i ng\u00e0y.<\/p><p>Ch\u00fang t\u00f4i s\u1ebd gi\u00fap b\u1ea1n thi\u1ebft k\u1ebf menu ri\u00eang cho b\u1eefa ti\u1ec7c ho\u1eb7c cung c\u1ea5p cho b\u1ea1n v\u1ec1 g\u00f3i ti\u1ec7c hi\u1ec7n c\u00f3 c\u1ee7a ch\u00fang t\u00f4i<\/p>\t\t\t\t\t\t<\/div>\n\t\t\t\t<\/div>\n\t\t\t\t<div class=\"elementor-element elementor-element-58cd8c7 elementor-mobile-align-center elementor-invisible elementor-widget elementor-widget-button\" data-id=\"58cd8c7\" data-element_type=\"widget\" data-settings=\"{&quot;_animation&quot;:&quot;fadeIn&quot;}\" data-widget_type=\"button.default\">\n\t\t\t\t<div class=\"elementor-widget-container\">\n\t\t\t\t\t<div class=\"elementor-button-wrapper\">\n\t\t\t<a href=\"#tab020\" class=\"elementor-button-link elementor-button elementor-size-sm\" role=\"button\">\n\t\t\t\t\t\t<span class=\"elementor-button-content-wrapper\">\n\t\t\t\t\t\t<span class=\"elementor-button-text\">Li\u00ean h\u1ec7<\/span>\n\t\t<\/span>\n\t\t\t\t\t<\/a>\n\t\t<\/div>\n\t\t\t\t<\/div>\n\t\t\t\t<\/div>\n\t\t\t\t\t<\/div>\n\t\t<\/div>\n\t\t\t\t\t\t\t<\/div>\n\t\t<\/section>\n\t\t\t\t<section class=\"elementor-section elementor-top-section elementor-element elementor-element-8b93003 elementor-section-boxed elementor-section-height-default elementor-section-height-default\" data-id=\"8b93003\" data-element_type=\"section\">\n\t\t\t\t\t\t<div class=\"elementor-container elementor-column-gap-default\">\n\t\t\t\t\t<div class=\"elementor-column elementor-col-100 elementor-top-column elementor-element elementor-element-03925ad\" data-id=\"03925ad\" data-element_type=\"column\">\n\t\t\t<div class=\"elementor-widget-wrap elementor-element-populated\">\n\t\t\t\t\t\t\t\t<div class=\"elementor-element elementor-element-b31ef47 elementor-widget elementor-widget-spacer\" data-id=\"b31ef47\" data-element_type=\"widget\" data-widget_type=\"spacer.default\">\n\t\t\t\t<div class=\"elementor-widget-container\">\n\t\t\t\t\t<div class=\"elementor-spacer\">\n\t\t\t<div class=\"elementor-spacer-inner\"><\/div>\n\t\t<\/div>\n\t\t\t\t<\/div>\n\t\t\t\t<\/div>\n\t\t\t\t\t<\/div>\n\t\t<\/div>\n\t\t\t\t\t\t\t<\/div>\n\t\t<\/section>\n\t\t\t\t\t\t<\/div>\n\t\t\t\t\t<\/div>","protected":false},"excerpt":{"rendered":"<p>Bring Thai food to your event with us! Planning a party is easy and special when your choice is TukTuk. Whether it\u2019s a birthday party, brunch, anniversary, New Year\u2019s Eve party, or you just want to celebrate some accomplishment at work, just a simple share with us, we will bring to you an unforgettable party [&hellip;]<\/p>","protected":false},"author":1,"featured_media":0,"parent":0,"menu_order":0,"comment_status":"closed","ping_status":"closed","template":"elementor_header_footer","meta":{"footnotes":""},"class_list":["post-33","page","type-page","status-publish","hentry"],"_links":{"self":[{"href":"https:\/\/tuktukthaibistro.com\/vi\/wp-json\/wp\/v2\/pages\/33","targetHints":{"allow":["GET"]}}],"collection":[{"href":"https:\/\/tuktukthaibistro.com\/vi\/wp-json\/wp\/v2\/pages"}],"about":[{"href":"https:\/\/tuktukthaibistro.com\/vi\/wp-json\/wp\/v2\/types\/page"}],"author":[{"embeddable":true,"href":"https:\/\/tuktukthaibistro.com\/vi\/wp-json\/wp\/v2\/users\/1"}],"replies":[{"embeddable":true,"href":"https:\/\/tuktukthaibistro.com\/vi\/wp-json\/wp\/v2\/comments?post=33"}],"version-history":[{"count":252,"href":"https:\/\/tuktukthaibistro.com\/vi\/wp-json\/wp\/v2\/pages\/33\/revisions"}],"predecessor-version":[{"id":4181,"href":"https:\/\/tuktukthaibistro.com\/vi\/wp-json\/wp\/v2\/pages\/33\/revisions\/4181"}],"wp:attachment":[{"href":"https:\/\/tuktukthaibistro.com\/vi\/wp-json\/wp\/v2\/media?parent=33"}],"curies":[{"name":"wp","href":"https:\/\/api.w.org\/{rel}","templated":true}]}}