{"id":31,"date":"2021-05-05T08:37:22","date_gmt":"2021-05-05T08:37:22","guid":{"rendered":"https:\/\/new-ricotacosaigon.jaysoft.asia\/?page_id=31"},"modified":"2024-03-06T17:30:07","modified_gmt":"2024-03-06T10:30:07","slug":"news-promotions","status":"publish","type":"page","link":"https:\/\/tuktukthaibistro.com\/vi\/news-promotions\/","title":{"rendered":"Khuy\u1ebfn m\u00e3i"},"content":{"rendered":"<div data-elementor-type=\"wp-page\" data-elementor-id=\"31\" class=\"elementor elementor-31\" data-elementor-settings=\"[]\">\n\t\t\t\t\t\t\t<div class=\"elementor-section-wrap\">\n\t\t\t\t\t\t\t<section class=\"elementor-section elementor-top-section elementor-element elementor-element-f226e1f elementor-section-height-min-height elementor-section-boxed elementor-section-height-default elementor-section-items-middle\" data-id=\"f226e1f\" data-element_type=\"section\" data-settings=\"{&quot;background_background&quot;:&quot;classic&quot;}\">\n\t\t\t\t\t\t<div class=\"elementor-container elementor-column-gap-default\">\n\t\t\t\t\t<div class=\"elementor-column elementor-col-100 elementor-top-column elementor-element elementor-element-3049567\" data-id=\"3049567\" data-element_type=\"column\">\n\t\t\t<div class=\"elementor-widget-wrap\">\n\t\t\t\t\t\t\t\t\t<\/div>\n\t\t<\/div>\n\t\t\t\t\t\t\t<\/div>\n\t\t<\/section>\n\t\t\t\t<section class=\"elementor-section elementor-top-section elementor-element elementor-element-c14cc4d elementor-section-height-min-height elementor-section-boxed elementor-section-height-default elementor-section-items-middle\" data-id=\"c14cc4d\" data-element_type=\"section\" data-settings=\"{&quot;background_background&quot;:&quot;classic&quot;}\">\n\t\t\t\t\t\t<div class=\"elementor-container elementor-column-gap-default\">\n\t\t\t\t\t<div class=\"elementor-column elementor-col-100 elementor-top-column elementor-element elementor-element-0f75978\" data-id=\"0f75978\" data-element_type=\"column\">\n\t\t\t<div class=\"elementor-widget-wrap elementor-element-populated\">\n\t\t\t\t\t\t\t\t<div class=\"elementor-element elementor-element-0b3df36 elementor-invisible elementor-widget elementor-widget-heading\" data-id=\"0b3df36\" data-element_type=\"widget\" data-settings=\"{&quot;_animation&quot;:&quot;zoomIn&quot;}\" data-widget_type=\"heading.default\">\n\t\t\t\t<div class=\"elementor-widget-container\">\n\t\t\t<h2 class=\"elementor-heading-title elementor-size-default\">KHUY\u1ebeN M\u00c3I<\/h2>\t\t<\/div>\n\t\t\t\t<\/div>\n\t\t\t\t<div class=\"elementor-element elementor-element-c0fdf96 elementor-invisible elementor-widget elementor-widget-text-editor\" data-id=\"c0fdf96\" data-element_type=\"widget\" data-settings=\"{&quot;_animation&quot;:&quot;fadeInUp&quot;}\" data-widget_type=\"text-editor.default\">\n\t\t\t\t<div class=\"elementor-widget-container\">\n\t\t\t\t\t\t\t\t<p>T\u1ea1i TukTuk, b\u1ea1n c\u00f3 th\u1ec3 c\u1ea3m nh\u1eadn \u0111\u01b0\u1ee3c kh\u00f4ng kh\u00ed n\u00e1o nhi\u1ec7t lu\u00f4n tr\u00e0n ng\u1eadp kh\u1eafp m\u1ecdi n\u01a1i. Ch\u00fang t\u00f4i lu\u00f4n t\u1eadn d\u1ee5ng m\u1ecdi kh\u00f4ng gian \u0111\u1ec3 t\u1ed5 ch\u1ee9c vui ch\u01a1i v\u00e0 \u0103n m\u1eebng. C\u00f9ng kh\u00e1m ph\u00e1 c\u00e1c s\u1ef1 ki\u1ec7n v\u00e0 nhi\u1ec1u ch\u01b0\u01a1ng tr\u00ecnh khuy\u1ebfn m\u1ea1i h\u1ea5p d\u1eabn t\u1ea1i \u0111\u00e2y n\u00e0o!<\/p>\t\t\t\t\t\t<\/div>\n\t\t\t\t<\/div>\n\t\t\t\t<div class=\"elementor-element elementor-element-dff3460 elementor-widget elementor-widget-html\" data-id=\"dff3460\" data-element_type=\"widget\" data-widget_type=\"html.default\">\n\t\t\t\t<div class=\"elementor-widget-container\">\n\t\t\t<script type=\"text\/javascript\">\r\n    jQuery(document).ready(function(){\r\n\t\tvar tab = localStorage['tab_id'];\r\n\t\tif(!tab){ tab = 0 }\r\n\t\tjQuery(\".tab_panel\").hide();\r\n\t\tjQuery(\"#tab_\"+tab).show();\r\n\t\tjQuery(\".btn_pro\").removeClass(\"pro_active\");\r\n\t\tjQuery(\".btn_pro:eq(\"+tab+\")\").addClass(\"pro_active\");\r\n\t\tjQuery(\".btn_pro\").click(function(){\r\n\t\t\tvar _this = jQuery(this);\r\n\t\t\tvar i = _this.index();\r\n\t\t\tjQuery(\".btn_pro\").removeClass(\"pro_active\");\r\n\t\t\t_this.addClass(\"pro_active\");\r\n\t\t\tjQuery(\".tab_panel\").hide();\r\n\t\t\tjQuery(\"#tab_\"+i).show();\r\n\t\t\tlocalStorage['tab_id'] = i;\r\n\t\t});\r\n\t});\r\n<\/script>\t\t<\/div>\n\t\t\t\t<\/div>\n\t\t\t\t\t<\/div>\n\t\t<\/div>\n\t\t\t\t\t\t\t<\/div>\n\t\t<\/section>\n\t\t\t\t<section class=\"elementor-section elementor-top-section elementor-element elementor-element-4936cfa elementor-section-height-min-height elementor-section-boxed elementor-section-height-default elementor-section-items-middle elementor-invisible\" data-id=\"4936cfa\" data-element_type=\"section\" data-settings=\"{&quot;background_background&quot;:&quot;classic&quot;,&quot;animation&quot;:&quot;fadeInUp&quot;}\">\n\t\t\t\t\t\t<div class=\"elementor-container elementor-column-gap-default\">\n\t\t\t\t\t<div class=\"elementor-column elementor-col-25 elementor-top-column elementor-element elementor-element-58dcceb btn_pro pro_active\" data-id=\"58dcceb\" data-element_type=\"column\" data-settings=\"{&quot;background_background&quot;:&quot;classic&quot;}\">\n\t\t\t<div class=\"elementor-widget-wrap elementor-element-populated\">\n\t\t\t\t\t\t\t\t<div class=\"elementor-element elementor-element-c36a564 elementor-align-center elementor-widget elementor-widget-button\" data-id=\"c36a564\" data-element_type=\"widget\" data-widget_type=\"button.default\">\n\t\t\t\t<div class=\"elementor-widget-container\">\n\t\t\t\t\t<div class=\"elementor-button-wrapper\">\n\t\t\t<a class=\"elementor-button elementor-size-sm\" role=\"button\" id=\"btn001\">\n\t\t\t\t\t\t<span class=\"elementor-button-content-wrapper\">\n\t\t\t\t\t\t<span class=\"elementor-button-text\">\u0110ang di\u1ec5n ra<\/span>\n\t\t<\/span>\n\t\t\t\t\t<\/a>\n\t\t<\/div>\n\t\t\t\t<\/div>\n\t\t\t\t<\/div>\n\t\t\t\t\t<\/div>\n\t\t<\/div>\n\t\t\t\t<div class=\"elementor-column elementor-col-25 elementor-top-column elementor-element elementor-element-c5c1582 btn_pro\" data-id=\"c5c1582\" data-element_type=\"column\" data-settings=\"{&quot;background_background&quot;:&quot;classic&quot;}\">\n\t\t\t<div class=\"elementor-widget-wrap elementor-element-populated\">\n\t\t\t\t\t\t\t\t<div class=\"elementor-element elementor-element-8b636b7 elementor-align-center elementor-widget elementor-widget-button\" data-id=\"8b636b7\" data-element_type=\"widget\" data-widget_type=\"button.default\">\n\t\t\t\t<div class=\"elementor-widget-container\">\n\t\t\t\t\t<div class=\"elementor-button-wrapper\">\n\t\t\t<a class=\"elementor-button elementor-size-sm\" role=\"button\" id=\"btn002\">\n\t\t\t\t\t\t<span class=\"elementor-button-content-wrapper\">\n\t\t\t\t\t\t<span class=\"elementor-button-text\">Khuy\u1ebfn m\u1ea1i \u0103n t\u1ea1i ch\u1ed7<\/span>\n\t\t<\/span>\n\t\t\t\t\t<\/a>\n\t\t<\/div>\n\t\t\t\t<\/div>\n\t\t\t\t<\/div>\n\t\t\t\t\t<\/div>\n\t\t<\/div>\n\t\t\t\t<div class=\"elementor-column elementor-col-25 elementor-top-column elementor-element elementor-element-560c39e btn_pro\" data-id=\"560c39e\" data-element_type=\"column\" data-settings=\"{&quot;background_background&quot;:&quot;classic&quot;}\">\n\t\t\t<div class=\"elementor-widget-wrap elementor-element-populated\">\n\t\t\t\t\t\t\t\t<div class=\"elementor-element elementor-element-183cb6c elementor-align-center elementor-widget elementor-widget-button\" data-id=\"183cb6c\" data-element_type=\"widget\" data-widget_type=\"button.default\">\n\t\t\t\t<div class=\"elementor-widget-container\">\n\t\t\t\t\t<div class=\"elementor-button-wrapper\">\n\t\t\t<a class=\"elementor-button elementor-size-sm\" role=\"button\" id=\"btn003\">\n\t\t\t\t\t\t<span class=\"elementor-button-content-wrapper\">\n\t\t\t\t\t\t<span class=\"elementor-button-text\">Khuy\u1ebfn m\u1ea1i giao h\u00e0ng<\/span>\n\t\t<\/span>\n\t\t\t\t\t<\/a>\n\t\t<\/div>\n\t\t\t\t<\/div>\n\t\t\t\t<\/div>\n\t\t\t\t\t<\/div>\n\t\t<\/div>\n\t\t\t\t<div class=\"elementor-column elementor-col-25 elementor-top-column elementor-element elementor-element-7a4c09b btn_pro\" data-id=\"7a4c09b\" data-element_type=\"column\" data-settings=\"{&quot;background_background&quot;:&quot;classic&quot;}\">\n\t\t\t<div class=\"elementor-widget-wrap elementor-element-populated\">\n\t\t\t\t\t\t\t\t<div class=\"elementor-element elementor-element-8f2647b elementor-align-center elementor-widget elementor-widget-button\" data-id=\"8f2647b\" data-element_type=\"widget\" data-widget_type=\"button.default\">\n\t\t\t\t<div class=\"elementor-widget-container\">\n\t\t\t\t\t<div class=\"elementor-button-wrapper\">\n\t\t\t<a class=\"elementor-button elementor-size-sm\" role=\"button\" id=\"btn004\">\n\t\t\t\t\t\t<span class=\"elementor-button-content-wrapper\">\n\t\t\t\t\t\t<span class=\"elementor-button-text\">G\u00f3i \u0111\u1eb7t ch\u1ed7 theo nh\u00f3m<\/span>\n\t\t<\/span>\n\t\t\t\t\t<\/a>\n\t\t<\/div>\n\t\t\t\t<\/div>\n\t\t\t\t<\/div>\n\t\t\t\t\t<\/div>\n\t\t<\/div>\n\t\t\t\t\t\t\t<\/div>\n\t\t<\/section>\n\t\t\t\t<section class=\"elementor-section elementor-top-section elementor-element elementor-element-43edfd7 tab_panel elementor-section-boxed elementor-section-height-default elementor-section-height-default elementor-invisible\" data-id=\"43edfd7\" data-element_type=\"section\" id=\"tab_0\" data-settings=\"{&quot;animation&quot;:&quot;fadeIn&quot;,&quot;background_background&quot;:&quot;classic&quot;}\">\n\t\t\t\t\t\t<div class=\"elementor-container elementor-column-gap-default\">\n\t\t\t\t\t<div class=\"elementor-column elementor-col-100 elementor-top-column elementor-element elementor-element-5e503cea\" data-id=\"5e503cea\" data-element_type=\"column\">\n\t\t\t<div class=\"elementor-widget-wrap elementor-element-populated\">\n\t\t\t\t\t\t\t\t\t<\/div>\n\t\t<\/div>\n\t\t\t\t\t\t\t<\/div>\n\t\t<\/section>\n\t\t\t\t<section class=\"elementor-section elementor-top-section elementor-element elementor-element-7573b1f tab_panel elementor-section-boxed elementor-section-height-default elementor-section-height-default elementor-invisible\" data-id=\"7573b1f\" data-element_type=\"section\" id=\"tab_1\" data-settings=\"{&quot;animation&quot;:&quot;fadeIn&quot;}\">\n\t\t\t\t\t\t<div class=\"elementor-container elementor-column-gap-default\">\n\t\t\t\t\t<div class=\"elementor-column elementor-col-100 elementor-top-column elementor-element elementor-element-ce481cb\" data-id=\"ce481cb\" data-element_type=\"column\">\n\t\t\t<div class=\"elementor-widget-wrap elementor-element-populated\">\n\t\t\t\t\t\t\t\t\t<\/div>\n\t\t<\/div>\n\t\t\t\t\t\t\t<\/div>\n\t\t<\/section>\n\t\t\t\t<section class=\"elementor-section elementor-top-section elementor-element elementor-element-61d275d tab_panel elementor-section-boxed elementor-section-height-default elementor-section-height-default elementor-invisible\" data-id=\"61d275d\" data-element_type=\"section\" id=\"tab_2\" data-settings=\"{&quot;animation&quot;:&quot;fadeIn&quot;}\">\n\t\t\t\t\t\t<div class=\"elementor-container elementor-column-gap-default\">\n\t\t\t\t\t<div class=\"elementor-column elementor-col-100 elementor-top-column elementor-element elementor-element-63165d2\" data-id=\"63165d2\" data-element_type=\"column\">\n\t\t\t<div class=\"elementor-widget-wrap elementor-element-populated\">\n\t\t\t\t\t\t\t\t\t<\/div>\n\t\t<\/div>\n\t\t\t\t\t\t\t<\/div>\n\t\t<\/section>\n\t\t\t\t<section class=\"elementor-section elementor-top-section elementor-element elementor-element-d979e67 tab_panel elementor-section-boxed elementor-section-height-default elementor-section-height-default elementor-invisible\" data-id=\"d979e67\" data-element_type=\"section\" id=\"tab_3\" data-settings=\"{&quot;animation&quot;:&quot;fadeIn&quot;}\">\n\t\t\t\t\t\t<div class=\"elementor-container elementor-column-gap-default\">\n\t\t\t\t\t<div class=\"elementor-column elementor-col-100 elementor-top-column elementor-element elementor-element-029662e\" data-id=\"029662e\" data-element_type=\"column\">\n\t\t\t<div class=\"elementor-widget-wrap elementor-element-populated\">\n\t\t\t\t\t\t\t\t\t<\/div>\n\t\t<\/div>\n\t\t\t\t\t\t\t<\/div>\n\t\t<\/section>\n\t\t\t\t<section class=\"elementor-section elementor-top-section elementor-element elementor-element-ca9f8b1 elementor-section-boxed elementor-section-height-default elementor-section-height-default\" data-id=\"ca9f8b1\" data-element_type=\"section\">\n\t\t\t\t\t\t<div class=\"elementor-container elementor-column-gap-default\">\n\t\t\t\t\t<div class=\"elementor-column elementor-col-100 elementor-top-column elementor-element elementor-element-b95bb2a\" data-id=\"b95bb2a\" data-element_type=\"column\">\n\t\t\t<div class=\"elementor-widget-wrap\">\n\t\t\t\t\t\t\t\t\t<\/div>\n\t\t<\/div>\n\t\t\t\t\t\t\t<\/div>\n\t\t<\/section>\n\t\t\t\t\t\t<\/div>\n\t\t\t\t\t<\/div>","protected":false},"excerpt":{"rendered":"<p>NEWS &#038; PROMOTION At TukTuk, there is always something going on. We use every opportunity to have fun &amp; celebrate. Discover here our events and many promotions, shall you eat at TukTuk in small or big group, at your office or at home. Happenings Dine-in Promotion Food Delivery Promotion Group Booking Packages<\/p>","protected":false},"author":1,"featured_media":751,"parent":0,"menu_order":0,"comment_status":"closed","ping_status":"closed","template":"elementor_header_footer","meta":{"footnotes":""},"class_list":["post-31","page","type-page","status-publish","has-post-thumbnail","hentry"],"_links":{"self":[{"href":"https:\/\/tuktukthaibistro.com\/vi\/wp-json\/wp\/v2\/pages\/31","targetHints":{"allow":["GET"]}}],"collection":[{"href":"https:\/\/tuktukthaibistro.com\/vi\/wp-json\/wp\/v2\/pages"}],"about":[{"href":"https:\/\/tuktukthaibistro.com\/vi\/wp-json\/wp\/v2\/types\/page"}],"author":[{"embeddable":true,"href":"https:\/\/tuktukthaibistro.com\/vi\/wp-json\/wp\/v2\/users\/1"}],"replies":[{"embeddable":true,"href":"https:\/\/tuktukthaibistro.com\/vi\/wp-json\/wp\/v2\/comments?post=31"}],"version-history":[{"count":425,"href":"https:\/\/tuktukthaibistro.com\/vi\/wp-json\/wp\/v2\/pages\/31\/revisions"}],"predecessor-version":[{"id":4140,"href":"https:\/\/tuktukthaibistro.com\/vi\/wp-json\/wp\/v2\/pages\/31\/revisions\/4140"}],"wp:featuredmedia":[{"embeddable":true,"href":"https:\/\/tuktukthaibistro.com\/vi\/wp-json\/wp\/v2\/media\/751"}],"wp:attachment":[{"href":"https:\/\/tuktukthaibistro.com\/vi\/wp-json\/wp\/v2\/media?parent=31"}],"curies":[{"name":"wp","href":"https:\/\/api.w.org\/{rel}","templated":true}]}}